{"id":250,"date":"2024-02-07T20:30:28","date_gmt":"2024-02-08T06:30:28","guid":{"rendered":"https:\/\/maungatattootahiti.com\/terms-of-use\/"},"modified":"2024-02-07T21:48:30","modified_gmt":"2024-02-07T20:48:30","slug":"terms-of-use","status":"publish","type":"page","link":"https:\/\/maungatattootahiti.com\/en\/terms-of-use\/","title":{"rendered":"Terms of use"},"content":{"rendered":"<!--themify_builder_content-->\n<div id=\"themify_builder_content-250\" data-postid=\"250\" class=\"themify_builder_content themify_builder_content-250 themify_builder tf_clear\">\n                    <div  data-css_id=\"5gnw504\" data-sticky-active=\"{&quot;d&quot;:[]}\" data-lazy=\"1\" class=\"module_row themify_builder_row fullwidth tb_5gnw504 tb_first tf_w\">\n                        <div class=\"row_inner col_align_middle tb_col_count_3 tf_box tf_rel\">\n                        <div  data-lazy=\"1\" class=\"module_column tb-column col4-1 tb_hqyj504 first\">\n                    <!-- module image -->\n<div  class=\"module module-image tb_sfb2505 image-center   tf_mw\" data-lazy=\"1\">\n        <div class=\"image-wrap tf_rel tf_mw\">\n            <img decoding=\"async\" src=\"http:\/\/maungatattootahiti.com\/wp-content\/uploads\/2024\/02\/logo-maunga-tatoo.svg\" width=\"64\" title=\"Terms of use\" alt=\"Terms of use\">    \n        <\/div>\n    <!-- \/image-wrap -->\n    \n        <\/div>\n<!-- \/module image -->        <\/div>\n                    <div  data-lazy=\"1\" class=\"module_column tb-column col4-2 tb_j5km505\">\n                    <!-- module menu -->\n<div  class=\"module module-menu tb_hny6505 tk-arsenica-variable mobile-menu-slide\" data-menu-style=\"mobile-menu-slide\" data-menu-breakpoint=\"0\" data-element-id=\"tb_hny6505\" data-lazy=\"1\">\n        \n    <div class=\"module-menu-container\"><ul id=\"menu-main-en\" class=\"ui tf_clearfix nav tf_rel tf_scrollbar menu-bar transparent\"><li id=\"menu-item-261\" class=\"menu-item-custom-261 menu-item menu-item-type-custom menu-item-object-custom menu-item-261\"><a href=\"\/en\/#leshop\">The Shop<\/a><\/li>\n<li id=\"menu-item-262\" class=\"menu-item-custom-262 menu-item menu-item-type-custom menu-item-object-custom menu-item-262\"><a href=\"\/en\/#asavoir\">Good to Know<\/a><\/li>\n<li id=\"menu-item-263\" class=\"menu-item-custom-263 menu-item menu-item-type-custom menu-item-object-custom menu-item-263\"><a href=\"\/en\/#apropos\">About<\/a><\/li>\n<li id=\"menu-item-264\" class=\"menu-item-custom-264 menu-item menu-item-type-custom menu-item-object-custom menu-item-264\"><a href=\"\/en\/#localisation\">Location<\/a><\/li>\n<li id=\"menu-item-265\" class=\"menu-item-custom-265 menu-item menu-item-type-custom menu-item-object-custom menu-item-265\"><a href=\"\/en\/#lesstyles\">Styles<\/a><\/li>\n<li id=\"menu-item-266\" class=\"menu-item-custom-266 menu-item menu-item-type-custom menu-item-object-custom menu-item-266\"><a href=\"\/en\/#medias\">Medias<\/a><\/li>\n<\/ul><\/div>        <style>\n            .mobile-menu-module[data-module=\"tb_hny6505\"]{\n                right:-300px            }\n        <\/style>\n    <\/div>\n<!-- \/module menu -->\n        <\/div>\n                    <div  data-lazy=\"1\" class=\"module_column tb-column col4-1 tb_6azi505 last\">\n                            <div  data-lazy=\"1\" class=\"module_subrow themify_builder_sub_row tf_w col_align_middle tb_col_count_3 tb_tik8506\">\n                <div  data-lazy=\"1\" class=\"module_column sub_column col3-1 tb_1mft506 first\">\n                    <!-- module icon -->\n<div  class=\"module module-icon tb_yi0n506  xlarge circle icon_horizontal \" data-lazy=\"1\">\n\t\t\t<div class=\"module-icon-item\">\n\t\t\t\t\t\t\t<a href=\"#\">\n\t\t\t\t\t\t\t\t\t\t\t\t\t\t\t\t\t<em class=\"tf_box\"\n\t\t\t\t\t\t\t\t\t\t\t\t style=\"color:#e67e86\"\t\t\t\t\t><svg  class=\"tf_fa tf-fab-facebook-square\" aria-hidden=\"true\"><use href=\"#tf-fab-facebook-square\"><\/use><\/svg><\/em>\n\t\t\t\t\t\t\t\t\t\t\t\t\t\t\t\t<\/a>\n\t\t\t\t\t<\/div>\n\t<\/div>\n<!-- \/module icon -->\n        <\/div>\n                    <div  data-lazy=\"1\" class=\"module_column sub_column col3-1 tb_wyhs506\">\n                    <!-- module text -->\n<div  class=\"module module-text tb_6juf506   \" data-lazy=\"1\">\n        <div  class=\"tb_text_wrap\">\n        \n          <p>\n            <a href=\"tel:+689%2087%2078%2032%2035\">+689 87 78 32 35<\/a>\n          <\/p>\n            <\/div>\n<\/div>\n<!-- \/module text -->        <\/div>\n                    <div  data-lazy=\"1\" class=\"module_column sub_column col3-1 tb_qwtd506 last\">\n                            <\/div>\n                    <\/div>\n                <\/div>\n                        <\/div>\n        <\/div>\n                        <div  data-lazy=\"1\" class=\"module_row themify_builder_row tb_eutf205 tf_w\">\n                        <div class=\"row_inner col_align_top tb_col_count_1 tf_box tf_rel\">\n                        <div  data-lazy=\"1\" class=\"module_column tb-column col-full tb_u2lh205 first\">\n                    <!-- module text -->\n<div  class=\"module module-text tb_8o5h267   \" data-lazy=\"1\">\n        <div  class=\"tb_text_wrap\">\n        \n          <h2>Terms of use<\/h2>\n            <\/div>\n<\/div>\n<!-- \/module text --><!-- module text -->\n<div  class=\"module module-text tb_hbfi42   \" data-lazy=\"1\">\n        <div  class=\"tb_text_wrap\">\n        \n          <p>By using the Maunga Tatoo website (the &#8220;Site&#8221;), you agree to these terms of use (&#8220;Terms&#8221;). If you do not agree with these Terms, please do not use our Site.<\/p>\n          \n\n          <p><strong>INTELLECTUAL PROPERTY<\/strong><br>The content of this Site, including but not limited to text, images, graphics, videos, logos and trademarks, is the exclusive property of Maunga Tatoo, its partners or its content providers, and is protected by intellectual property laws. Unauthorized use of the contents of this Site is strictly prohibited.<\/p>\n          \n\n          <p><strong>USE OF THE SITE<\/strong><br>You may use the Site solely for personal, non-commercial purposes. You agree not to use the Site in a manner that violates applicable laws or the rights of third parties, including intellectual property rights.<\/p>\n          \n\n          <p>You also agree not to :<\/p>\n          \n\n          <p>Use programs or methods to access, acquire or copy any Site content without our prior written permission;<br>Modify or delete copyright, trademark or other intellectual property information on the Site;<br>Use the Site to disseminate messages, information or content that is illegal, defamatory, libelous, abusive, obscene, vulgar, threatening, harassing, racist, hateful or in any other way inappropriate;<br>Use the Site to attempt to disrupt or damage Maunga Tatoo&#8217;s computer systems, servers or networks, or the computer systems, servers or networks of other users of the Site.<\/p>\n          \n\n          <p><strong>SITE MODIFICATIONS<\/strong><br>Maunga Tatoo reserves the right to modify or remove any content from the Site at any time without notice. We also reserve the right to modify or update these Terms at any time. We recommend that you consult these Conditions regularly.<\/p>\n          \n\n          <p><strong>LIMITATION OF LIABILITY<\/strong><br>Maunga Tatoo shall not be liable for any direct, indirect, incidental, special, punitive, exemplary or consequential damages arising out of the use or inability to use this Site, or any content or information included on this Site. We do not guarantee the accuracy, completeness, quality or relevance of the information provided on the Site.<\/p>\n          \n\n          <p><strong>COMPENSATION<\/strong><br>Vous acceptez d&#8217;indemniser et de tenir Maunga Tatoo, ses dirigeants, administrateurs, employ\u00e9s et agents, \u00e0 l&#8217;abri de toute r\u00e9clamation, demande, action, co\u00fbt, responsabilit\u00e9, perte, dommage ou d\u00e9pense, y compris les honoraires raisonnables d&#8217;avocat, r\u00e9sultant de votre utilisation du site ou de votre violation des pr\u00e9sentes conditions.<\/p>\n          \n\n          <p><strong>APPLICABLE LAWS<\/strong><br>These Terms and Conditions shall be governed by and construed in accordance with the laws of French Polynesia.<\/p>\n            <\/div>\n<\/div>\n<!-- \/module text -->        <\/div>\n                        <\/div>\n        <\/div>\n        <\/div>\n<!--\/themify_builder_content-->","protected":false},"excerpt":{"rendered":"<p>Le Shop \u00c0 Savoir \u00c0 Propos Localisation Les styles M\u00e9dias +689 87 78 32 35 Conditions d&#8217;utilisation En utilisant le site internet Maunga Tatoo (le \u00ab Site \u00bb), vous acceptez les pr\u00e9sentes conditions d\u2019utilisation (\u00ab Conditions \u00bb). Si vous n\u2019\u00eates pas d\u2019accord avec ces Conditions, veuillez ne pas utiliser notre Site. PROPRI\u00c9T\u00c9 INTELLECTUELLELe contenu de [&hellip;]<\/p>\n","protected":false},"author":1,"featured_media":0,"parent":0,"menu_order":0,"comment_status":"closed","ping_status":"closed","template":"","meta":{"footnotes":""},"class_list":["post-250","page","type-page","status-publish","hentry","has-post-title","has-post-date","has-post-category","has-post-tag","has-post-comment","has-post-author",""],"aioseo_notices":[],"builder_content":"<img src=\"http:\/\/maungatattootahiti.com\/wp-content\/uploads\/2024\/02\/logo-maunga-tatoo.svg\" width=\"64\" title=\"Terms of use\" alt=\"Terms of use\">\n<ul id=\"menu-main-en-1\"><li><a href=\"\/en\/#leshop\">The Shop<\/a><\/li> <li><a href=\"\/en\/#asavoir\">Good to Know<\/a><\/li> <li><a href=\"\/en\/#apropos\">About<\/a><\/li> <li><a href=\"\/en\/#localisation\">Location<\/a><\/li> <li><a href=\"\/en\/#lesstyles\">Styles<\/a><\/li> <li><a href=\"\/en\/#medias\">Medias<\/a><\/li> <\/ul>\n<a href=\"#\"> <em style=\"color:#e67e86\" ><svg aria-hidden=\"true\"><use href=\"#tf-fab-facebook-square\"><\/use><\/svg><\/em> <\/a>\n<p> <a href=\"tel:+689%2087%2078%2032%2035\">+689 87 78 32 35<\/a> <\/p>\n<h2>Terms of use<\/h2>\n<p>By using the Maunga Tatoo website (the \"Site\"), you agree to these terms of use (\"Terms\"). If you do not agree with these Terms, please do not use our Site.<\/p> \n <p><strong>INTELLECTUAL PROPERTY<\/strong><br>The content of this Site, including but not limited to text, images, graphics, videos, logos and trademarks, is the exclusive property of Maunga Tatoo, its partners or its content providers, and is protected by intellectual property laws. Unauthorized use of the contents of this Site is strictly prohibited.<\/p> \n <p><strong>USE OF THE SITE<\/strong><br>You may use the Site solely for personal, non-commercial purposes. You agree not to use the Site in a manner that violates applicable laws or the rights of third parties, including intellectual property rights.<\/p> \n <p>You also agree not to :<\/p> \n <p>Use programs or methods to access, acquire or copy any Site content without our prior written permission;<br>Modify or delete copyright, trademark or other intellectual property information on the Site;<br>Use the Site to disseminate messages, information or content that is illegal, defamatory, libelous, abusive, obscene, vulgar, threatening, harassing, racist, hateful or in any other way inappropriate;<br>Use the Site to attempt to disrupt or damage Maunga Tatoo's computer systems, servers or networks, or the computer systems, servers or networks of other users of the Site.<\/p> \n <p><strong>SITE MODIFICATIONS<\/strong><br>Maunga Tatoo reserves the right to modify or remove any content from the Site at any time without notice. We also reserve the right to modify or update these Terms at any time. We recommend that you consult these Conditions regularly.<\/p> \n <p><strong>LIMITATION OF LIABILITY<\/strong><br>Maunga Tatoo shall not be liable for any direct, indirect, incidental, special, punitive, exemplary or consequential damages arising out of the use or inability to use this Site, or any content or information included on this Site. We do not guarantee the accuracy, completeness, quality or relevance of the information provided on the Site.<\/p> \n <p><strong>COMPENSATION<\/strong><br>Vous acceptez d'indemniser et de tenir Maunga Tatoo, ses dirigeants, administrateurs, employ\u00e9s et agents, \u00e0 l'abri de toute r\u00e9clamation, demande, action, co\u00fbt, responsabilit\u00e9, perte, dommage ou d\u00e9pense, y compris les honoraires raisonnables d'avocat, r\u00e9sultant de votre utilisation du site ou de votre violation des pr\u00e9sentes conditions.<\/p> \n <p><strong>APPLICABLE LAWS<\/strong><br>These Terms and Conditions shall be governed by and construed in accordance with the laws of French Polynesia.<\/p>","_links":{"self":[{"href":"https:\/\/maungatattootahiti.com\/en\/wp-json\/wp\/v2\/pages\/250","targetHints":{"allow":["GET"]}}],"collection":[{"href":"https:\/\/maungatattootahiti.com\/en\/wp-json\/wp\/v2\/pages"}],"about":[{"href":"https:\/\/maungatattootahiti.com\/en\/wp-json\/wp\/v2\/types\/page"}],"author":[{"embeddable":true,"href":"https:\/\/maungatattootahiti.com\/en\/wp-json\/wp\/v2\/users\/1"}],"replies":[{"embeddable":true,"href":"https:\/\/maungatattootahiti.com\/en\/wp-json\/wp\/v2\/comments?post=250"}],"version-history":[{"count":1,"href":"https:\/\/maungatattootahiti.com\/en\/wp-json\/wp\/v2\/pages\/250\/revisions"}],"predecessor-version":[{"id":251,"href":"https:\/\/maungatattootahiti.com\/en\/wp-json\/wp\/v2\/pages\/250\/revisions\/251"}],"wp:attachment":[{"href":"https:\/\/maungatattootahiti.com\/en\/wp-json\/wp\/v2\/media?parent=250"}],"curies":[{"name":"wp","href":"https:\/\/api.w.org\/{rel}","templated":true}]}}