{"id":252,"date":"2024-02-07T20:26:48","date_gmt":"2024-02-07T19:26:48","guid":{"rendered":"https:\/\/maungatattootahiti.com\/legal-notices\/"},"modified":"2024-02-07T21:52:49","modified_gmt":"2024-02-07T20:52:49","slug":"legal-notices","status":"publish","type":"page","link":"https:\/\/maungatattootahiti.com\/en\/legal-notices\/","title":{"rendered":"Legal notices"},"content":{"rendered":"<!--themify_builder_content-->\n<div id=\"themify_builder_content-252\" data-postid=\"252\" class=\"themify_builder_content themify_builder_content-252 themify_builder tf_clear\">\n                    <div  data-css_id=\"v6dx465\" data-sticky-active=\"{&quot;d&quot;:[]}\" data-lazy=\"1\" class=\"module_row themify_builder_row fullwidth tb_v6dx465 tb_first tf_w\">\n                        <div class=\"row_inner col_align_middle tb_col_count_3 tf_box tf_rel\">\n                        <div  data-lazy=\"1\" class=\"module_column tb-column col4-1 tb_r2t0465 first\">\n                    <!-- module image -->\n<div  class=\"module module-image tb_8idg466 image-center   tf_mw\" data-lazy=\"1\">\n        <div class=\"image-wrap tf_rel tf_mw\">\n            <img decoding=\"async\" src=\"http:\/\/maungatattootahiti.com\/wp-content\/uploads\/2024\/02\/logo-maunga-tatoo.svg\" width=\"64\" title=\"Legal notices\" alt=\"Legal notices\">    \n        <\/div>\n    <!-- \/image-wrap -->\n    \n        <\/div>\n<!-- \/module image -->        <\/div>\n                    <div  data-lazy=\"1\" class=\"module_column tb-column col4-2 tb_m6hp467\">\n                    <!-- module menu -->\n<div  class=\"module module-menu tb_a1uy467 tk-arsenica-variable mobile-menu-slide\" data-menu-style=\"mobile-menu-slide\" data-menu-breakpoint=\"0\" data-element-id=\"tb_a1uy467\" data-lazy=\"1\">\n        \n    <div class=\"module-menu-container\"><ul id=\"menu-main-en\" class=\"ui tf_clearfix nav tf_rel tf_scrollbar menu-bar transparent\"><li id=\"menu-item-261\" class=\"menu-item-custom-261 menu-item menu-item-type-custom menu-item-object-custom menu-item-261\"><a href=\"\/en\/#leshop\">The Shop<\/a><\/li>\n<li id=\"menu-item-262\" class=\"menu-item-custom-262 menu-item menu-item-type-custom menu-item-object-custom menu-item-262\"><a href=\"\/en\/#asavoir\">Good to Know<\/a><\/li>\n<li id=\"menu-item-263\" class=\"menu-item-custom-263 menu-item menu-item-type-custom menu-item-object-custom menu-item-263\"><a href=\"\/en\/#apropos\">About<\/a><\/li>\n<li id=\"menu-item-264\" class=\"menu-item-custom-264 menu-item menu-item-type-custom menu-item-object-custom menu-item-264\"><a href=\"\/en\/#localisation\">Location<\/a><\/li>\n<li id=\"menu-item-265\" class=\"menu-item-custom-265 menu-item menu-item-type-custom menu-item-object-custom menu-item-265\"><a href=\"\/en\/#lesstyles\">Styles<\/a><\/li>\n<li id=\"menu-item-266\" class=\"menu-item-custom-266 menu-item menu-item-type-custom menu-item-object-custom menu-item-266\"><a href=\"\/en\/#medias\">Medias<\/a><\/li>\n<\/ul><\/div>        <style>\n            .mobile-menu-module[data-module=\"tb_a1uy467\"]{\n                right:-300px            }\n        <\/style>\n    <\/div>\n<!-- \/module menu -->\n        <\/div>\n                    <div  data-lazy=\"1\" class=\"module_column tb-column col4-1 tb_obzt467 last\">\n                            <div  data-lazy=\"1\" class=\"module_subrow themify_builder_sub_row tf_w col_align_middle tb_col_count_3 tb_uj5a467\">\n                <div  data-lazy=\"1\" class=\"module_column sub_column col3-1 tb_9awu467 first\">\n                    <!-- module icon -->\n<div  class=\"module module-icon tb_qpzg468  xlarge circle icon_horizontal \" data-lazy=\"1\">\n\t\t\t<div class=\"module-icon-item\">\n\t\t\t\t\t\t\t<a href=\"#\">\n\t\t\t\t\t\t\t\t\t\t\t\t\t\t\t\t\t<em class=\"tf_box\"\n\t\t\t\t\t\t\t\t\t\t\t\t style=\"color:#e67e86\"\t\t\t\t\t><svg  class=\"tf_fa tf-fab-facebook-square\" aria-hidden=\"true\"><use href=\"#tf-fab-facebook-square\"><\/use><\/svg><\/em>\n\t\t\t\t\t\t\t\t\t\t\t\t\t\t\t\t<\/a>\n\t\t\t\t\t<\/div>\n\t<\/div>\n<!-- \/module icon -->\n        <\/div>\n                    <div  data-lazy=\"1\" class=\"module_column sub_column col3-1 tb_fic8468\">\n                    <!-- module text -->\n<div  class=\"module module-text tb_f133468   \" data-lazy=\"1\">\n        <div  class=\"tb_text_wrap\">\n        \n          <p>\n            <a href=\"tel:+689%2087%2078%2032%2035\">+689 87 78 32 35<\/a>\n          <\/p>\n            <\/div>\n<\/div>\n<!-- \/module text -->        <\/div>\n                    <div  data-lazy=\"1\" class=\"module_column sub_column col3-1 tb_6p1m468 last\">\n                            <\/div>\n                    <\/div>\n                <\/div>\n                        <\/div>\n        <\/div>\n                        <div  data-lazy=\"1\" class=\"module_row themify_builder_row tb_yob1153 tf_w\">\n                        <div class=\"row_inner col_align_top tb_col_count_1 tf_box tf_rel\">\n                        <div  data-lazy=\"1\" class=\"module_column tb-column col-full tb_pvp3153 first\">\n                    <!-- module text -->\n<div  class=\"module module-text tb_og0w252   \" data-lazy=\"1\">\n        <div  class=\"tb_text_wrap\">\n        \n          <h2>Legal notices<\/h2>\n          \n\n          <p><strong>WEBSITE ADDRESS :<\/strong><br>https:\/\/maungatattoo.com\/<\/p>\n          \n\n          <p><strong>CONTACTS AND GEOGRAPHICAL ADDRESS<\/strong><br>Estelle Anania<br>Tel. : +689 87 78 32 35<br>Punaauia, route du Royal Palms<\/p>\n          \n\n          <p><strong>PUBLISHING MANAGER<\/strong><br>Estelle Anania<\/p>\n          \n\n          <p>\n            <strong>EMAIL CONTACT<\/strong>\n          <\/p>\n          \n\n          <p>Technical production by REDSOYU Communication Agency, whose contact details are as follows:<\/p>\n          \n\n          <p>REDSOYU<br>BP 43002<br>98713 Papeete<br>Polyn\u00e9sie Fran\u00e7aise<br>Tel (+689) 40 85 60 72<br>Contact email: info@redsoyu.com<\/p>\n          \n\n          <p><strong>WEB HOSTING<\/strong><br>The site is hosted by Hostinger, who can be reached on 08 92 97 70 93.<\/p>\n          \n\n          <p>PROCESSING OF PERSONAL DATA AND RIGHT OF ACCESS, MODIFICATION AND DELETION<br>No personal information is passed on to third parties. In accordance with Article 34 of the French Data Protection Act of January 6, 1978, as amended by the Act of August 6, 2004, you have the right to access, modify, rectify and delete any data concerning you, and the right to object to any further use of such data.<br>You may exercise this right by contacting :<\/p>\n          \n\n          <p>Maunga Tatoo<br>Tel. : +689 87 78 32 35<br>Punaauia, route du Royal Palms<\/p>\n          \n\n          <p>For more information on the processing of personal data, see our Privacy Policy page.<\/p>\n          \n\n          <p><strong>COPYRIGHTS<\/strong><br>This entire site is governed by French and international legislation on copyright and intellectual property. All reproduction rights are reserved, including for downloadable documents and iconographic and photographic representations. The photographs, texts, logos, pictograms and all intellectual works on this site are the property of Maunga Tatoo or third parties who have authorized Maunga Tatoo to use them. Reproductions of all or part of this site on paper or electronic media are authorized only for personal and private use in accordance with the provisions of the Intellectual Property Code. These reproductions must clearly and legibly mention the source and the author of the site. Under no circumstances may these reproductions be prejudicial to the authors. All other uses are subject to the express written authorization of the publication director.<\/p>\n          \n\n          <p><strong>LINKS TO THIRD-PARTY SITES<\/strong><br>Maunga Tatoo reserves the right to link to third-party sites. The target sites are not under the responsibility of Maunga Tatoo. Consequently, Maunga Tatoo is not responsible for the content of these sites, the links they contain, or any changes or updates made to them.<\/p>\n            <\/div>\n<\/div>\n<!-- \/module text -->        <\/div>\n                        <\/div>\n        <\/div>\n        <\/div>\n<!--\/themify_builder_content-->","protected":false},"excerpt":{"rendered":"<p>Le Shop \u00c0 Savoir \u00c0 Propos Localisation Les styles M\u00e9dias +689 87 78 32 35 Mentions l\u00e9gales ADRESSE DU SITE INTERNET :https:\/\/maungatattoo.com\/ CONTACTS ET A DRESSE G\u00c9OGRAPHIQUEEstelle AnaniaT\u00e9l. : +689 87 78 32 35Punaauia, route du Royal Palms DIRECTRICE DE PUBLICATIONEstelle Anania CONTACT EMAIL R\u00e9alisation technique par l\u2019Agence de Communication REDSOYU dont les d\u00e9tails de [&hellip;]<\/p>\n","protected":false},"author":1,"featured_media":0,"parent":0,"menu_order":0,"comment_status":"closed","ping_status":"closed","template":"","meta":{"footnotes":""},"class_list":["post-252","page","type-page","status-publish","hentry","has-post-title","has-post-date","has-post-category","has-post-tag","has-post-comment","has-post-author",""],"aioseo_notices":[],"builder_content":"<img src=\"http:\/\/maungatattootahiti.com\/wp-content\/uploads\/2024\/02\/logo-maunga-tatoo.svg\" width=\"64\" title=\"Legal notices\" alt=\"Legal notices\">\n<ul id=\"menu-main-en-1\"><li><a href=\"\/en\/#leshop\">The Shop<\/a><\/li> <li><a href=\"\/en\/#asavoir\">Good to Know<\/a><\/li> <li><a href=\"\/en\/#apropos\">About<\/a><\/li> <li><a href=\"\/en\/#localisation\">Location<\/a><\/li> <li><a href=\"\/en\/#lesstyles\">Styles<\/a><\/li> <li><a href=\"\/en\/#medias\">Medias<\/a><\/li> <\/ul>\n<a href=\"#\"> <em style=\"color:#e67e86\" ><svg aria-hidden=\"true\"><use href=\"#tf-fab-facebook-square\"><\/use><\/svg><\/em> <\/a>\n<p> <a href=\"tel:+689%2087%2078%2032%2035\">+689 87 78 32 35<\/a> <\/p>\n<h2>Legal notices<\/h2> \n <p><strong>WEBSITE ADDRESS :<\/strong><br>https:\/\/maungatattoo.com\/<\/p> \n <p><strong>CONTACTS AND GEOGRAPHICAL ADDRESS<\/strong><br>Estelle Anania<br>Tel. : +689 87 78 32 35<br>Punaauia, route du Royal Palms<\/p> \n <p><strong>PUBLISHING MANAGER<\/strong><br>Estelle Anania<\/p> \n <p> <strong>EMAIL CONTACT<\/strong> <\/p> \n <p>Technical production by REDSOYU Communication Agency, whose contact details are as follows:<\/p> \n <p>REDSOYU<br>BP 43002<br>98713 Papeete<br>Polyn\u00e9sie Fran\u00e7aise<br>Tel (+689) 40 85 60 72<br>Contact email: info@redsoyu.com<\/p> \n <p><strong>WEB HOSTING<\/strong><br>The site is hosted by Hostinger, who can be reached on 08 92 97 70 93.<\/p> \n <p>PROCESSING OF PERSONAL DATA AND RIGHT OF ACCESS, MODIFICATION AND DELETION<br>No personal information is passed on to third parties. In accordance with Article 34 of the French Data Protection Act of January 6, 1978, as amended by the Act of August 6, 2004, you have the right to access, modify, rectify and delete any data concerning you, and the right to object to any further use of such data.<br>You may exercise this right by contacting :<\/p> \n <p>Maunga Tatoo<br>Tel. : +689 87 78 32 35<br>Punaauia, route du Royal Palms<\/p> \n <p>For more information on the processing of personal data, see our Privacy Policy page.<\/p> \n <p><strong>COPYRIGHTS<\/strong><br>This entire site is governed by French and international legislation on copyright and intellectual property. All reproduction rights are reserved, including for downloadable documents and iconographic and photographic representations. The photographs, texts, logos, pictograms and all intellectual works on this site are the property of Maunga Tatoo or third parties who have authorized Maunga Tatoo to use them. Reproductions of all or part of this site on paper or electronic media are authorized only for personal and private use in accordance with the provisions of the Intellectual Property Code. These reproductions must clearly and legibly mention the source and the author of the site. Under no circumstances may these reproductions be prejudicial to the authors. All other uses are subject to the express written authorization of the publication director.<\/p> \n <p><strong>LINKS TO THIRD-PARTY SITES<\/strong><br>Maunga Tatoo reserves the right to link to third-party sites. The target sites are not under the responsibility of Maunga Tatoo. Consequently, Maunga Tatoo is not responsible for the content of these sites, the links they contain, or any changes or updates made to them.<\/p>","_links":{"self":[{"href":"https:\/\/maungatattootahiti.com\/en\/wp-json\/wp\/v2\/pages\/252","targetHints":{"allow":["GET"]}}],"collection":[{"href":"https:\/\/maungatattootahiti.com\/en\/wp-json\/wp\/v2\/pages"}],"about":[{"href":"https:\/\/maungatattootahiti.com\/en\/wp-json\/wp\/v2\/types\/page"}],"author":[{"embeddable":true,"href":"https:\/\/maungatattootahiti.com\/en\/wp-json\/wp\/v2\/users\/1"}],"replies":[{"embeddable":true,"href":"https:\/\/maungatattootahiti.com\/en\/wp-json\/wp\/v2\/comments?post=252"}],"version-history":[{"count":1,"href":"https:\/\/maungatattootahiti.com\/en\/wp-json\/wp\/v2\/pages\/252\/revisions"}],"predecessor-version":[{"id":253,"href":"https:\/\/maungatattootahiti.com\/en\/wp-json\/wp\/v2\/pages\/252\/revisions\/253"}],"wp:attachment":[{"href":"https:\/\/maungatattootahiti.com\/en\/wp-json\/wp\/v2\/media?parent=252"}],"curies":[{"name":"wp","href":"https:\/\/api.w.org\/{rel}","templated":true}]}}