{"id":255,"date":"2024-02-07T20:06:43","date_gmt":"2024-02-07T19:06:43","guid":{"rendered":"https:\/\/maungatattootahiti.com\/privacy-policy\/"},"modified":"2024-02-07T21:58:55","modified_gmt":"2024-02-07T20:58:55","slug":"privacy-policy","status":"publish","type":"page","link":"https:\/\/maungatattootahiti.com\/en\/privacy-policy\/","title":{"rendered":"Privacy policy"},"content":{"rendered":"<!--themify_builder_content-->\n<div id=\"themify_builder_content-255\" data-postid=\"255\" class=\"themify_builder_content themify_builder_content-255 themify_builder tf_clear\">\n                    <div  data-css_id=\"5gnw504\" data-sticky-active=\"{&quot;d&quot;:[]}\" data-lazy=\"1\" class=\"module_row themify_builder_row fullwidth tb_5gnw504 tb_first tf_w\">\n                        <div class=\"row_inner col_align_middle tb_col_count_3 tf_box tf_rel\">\n                        <div  data-lazy=\"1\" class=\"module_column tb-column col4-1 tb_hqyj504 first\">\n                    <!-- module image -->\n<div  class=\"module module-image tb_sfb2505 image-center   tf_mw\" data-lazy=\"1\">\n        <div class=\"image-wrap tf_rel tf_mw\">\n            <img decoding=\"async\" src=\"http:\/\/maungatattootahiti.com\/wp-content\/uploads\/2024\/02\/logo-maunga-tatoo.svg\" width=\"64\" title=\"Privacy policy\" alt=\"Privacy policy\">    \n        <\/div>\n    <!-- \/image-wrap -->\n    \n        <\/div>\n<!-- \/module image -->        <\/div>\n                    <div  data-lazy=\"1\" class=\"module_column tb-column col4-2 tb_j5km505\">\n                    <!-- module menu -->\n<div  class=\"module module-menu tb_hny6505 tk-arsenica-variable mobile-menu-slide\" data-menu-style=\"mobile-menu-slide\" data-menu-breakpoint=\"0\" data-element-id=\"tb_hny6505\" data-lazy=\"1\">\n        \n    <div class=\"module-menu-container\"><ul id=\"menu-main-en\" class=\"ui tf_clearfix nav tf_rel tf_scrollbar menu-bar transparent\"><li id=\"menu-item-261\" class=\"menu-item-custom-261 menu-item menu-item-type-custom menu-item-object-custom menu-item-261\"><a href=\"\/en\/#leshop\">The Shop<\/a><\/li>\n<li id=\"menu-item-262\" class=\"menu-item-custom-262 menu-item menu-item-type-custom menu-item-object-custom menu-item-262\"><a href=\"\/en\/#asavoir\">Good to Know<\/a><\/li>\n<li id=\"menu-item-263\" class=\"menu-item-custom-263 menu-item menu-item-type-custom menu-item-object-custom menu-item-263\"><a href=\"\/en\/#apropos\">About<\/a><\/li>\n<li id=\"menu-item-264\" class=\"menu-item-custom-264 menu-item menu-item-type-custom menu-item-object-custom menu-item-264\"><a href=\"\/en\/#localisation\">Location<\/a><\/li>\n<li id=\"menu-item-265\" class=\"menu-item-custom-265 menu-item menu-item-type-custom menu-item-object-custom menu-item-265\"><a href=\"\/en\/#lesstyles\">Styles<\/a><\/li>\n<li id=\"menu-item-266\" class=\"menu-item-custom-266 menu-item menu-item-type-custom menu-item-object-custom menu-item-266\"><a href=\"\/en\/#medias\">Medias<\/a><\/li>\n<\/ul><\/div>        <style>\n            .mobile-menu-module[data-module=\"tb_hny6505\"]{\n                right:-300px            }\n        <\/style>\n    <\/div>\n<!-- \/module menu -->\n        <\/div>\n                    <div  data-lazy=\"1\" class=\"module_column tb-column col4-1 tb_6azi505 last\">\n                            <div  data-lazy=\"1\" class=\"module_subrow themify_builder_sub_row tf_w col_align_middle tb_col_count_3 tb_tik8506\">\n                <div  data-lazy=\"1\" class=\"module_column sub_column col3-1 tb_1mft506 first\">\n                    <!-- module icon -->\n<div  class=\"module module-icon tb_yi0n506  xlarge circle icon_horizontal \" data-lazy=\"1\">\n\t\t\t<div class=\"module-icon-item\">\n\t\t\t\t\t\t\t<a href=\"#\">\n\t\t\t\t\t\t\t\t\t\t\t\t\t\t\t\t\t<em class=\"tf_box\"\n\t\t\t\t\t\t\t\t\t\t\t\t style=\"color:#e67e86\"\t\t\t\t\t><svg  class=\"tf_fa tf-fab-facebook-square\" aria-hidden=\"true\"><use href=\"#tf-fab-facebook-square\"><\/use><\/svg><\/em>\n\t\t\t\t\t\t\t\t\t\t\t\t\t\t\t\t<\/a>\n\t\t\t\t\t<\/div>\n\t<\/div>\n<!-- \/module icon -->\n        <\/div>\n                    <div  data-lazy=\"1\" class=\"module_column sub_column col3-1 tb_wyhs506\">\n                    <!-- module text -->\n<div  class=\"module module-text tb_6juf506   \" data-lazy=\"1\">\n        <div  class=\"tb_text_wrap\">\n        \n          <p>\n            <a href=\"tel:+689%2087%2078%2032%2035\">+689 87 78 32 35<\/a>\n          <\/p>\n            <\/div>\n<\/div>\n<!-- \/module text -->        <\/div>\n                    <div  data-lazy=\"1\" class=\"module_column sub_column col3-1 tb_qwtd506 last\">\n                            <\/div>\n                    <\/div>\n                <\/div>\n                        <\/div>\n        <\/div>\n                        <div  data-lazy=\"1\" class=\"module_row themify_builder_row tb_eutf205 tf_w\">\n                        <div class=\"row_inner col_align_top tb_col_count_1 tf_box tf_rel\">\n                        <div  data-lazy=\"1\" class=\"module_column tb-column col-full tb_u2lh205 first\">\n                    <!-- module text -->\n<div  class=\"module module-text tb_8o5h267   \" data-lazy=\"1\">\n        <div  class=\"tb_text_wrap\">\n        \n          <h2>Privacy policy<\/h2>\n            <\/div>\n<\/div>\n<!-- \/module text --><!-- module text -->\n<div  class=\"module module-text tb_hbfi42   \" data-lazy=\"1\">\n        <div  class=\"tb_text_wrap\">\n        \n          <p><strong>Introduction<\/strong><br>With the development of new communication tools, we need to pay particular attention to the protection of privacy. This is why we are committed to respecting the confidentiality of the personal information we collect.<\/p>\n          \n\n          <hr>\n          \n\n          <p>\n            <strong>Collection of personal information<\/strong>\n          <\/p>\n          \n\n          <p>The personal information we collect is gathered through forms and through the interactivity established between you and our website. As indicated in the following section, we also use cookies and\/or log files to gather information about you.<\/p>\n          \n\n          <hr>\n          \n\n          <p>\n            <strong>Forms and interactivity:<\/strong>\n          <\/p>\n          \n\n          <p>Your personal information is collected via the following forms:<\/p>\n          \n\n          <ul>\n            \n\n            <li>Website registration form<\/li>\n            \n\n          <\/ul>\n          \n\n          <p>We use the information collected for the following purposes:<\/p>\n          \n\n          <ul>\n            \n\n            <li>Information \/ Promotional offers<\/li>\n            \n\n            <li>Statistics<\/li>\n            \n\n            <li>Contact<\/li>\n            \n\n          <\/ul>\n          \n\n          <p>Your information is also collected through the interactivity that may be established between you and our Web site in the following ways:<\/p>\n          \n\n          <ul>\n            \n\n            <li>Statistics<\/li>\n            \n\n          <\/ul>\n          \n\n          <p>We use the information collected for the following purposes:<\/p>\n          \n\n          <ul>\n            \n\n            <li>Information or promotional offers<\/li>\n            \n\n          <\/ul>\n          \n\n          <hr>\n          \n\n          <p>\n            <strong>Log files and cookies<\/strong>\n          <\/p>\n          \n\n          <p>We collect certain information through log files and cookies.<\/p>\n          \n\n          <p>The use of such files allows us to :<\/p>\n          \n\n          <ul>\n            \n\n            <li>Improved service and personalized welcome<\/li>\n            \n\n            <li>Personalized consumption profile<\/li>\n            \n\n            <li>Order tracking<\/li>\n            \n\n            <li>Statistics<\/li>\n            \n\n          <\/ul>\n          \n\n          <hr>\n          \n\n          <p>\n            <strong>Right of objection and withdrawal<\/strong>\n          <\/p>\n          \n\n          <p>We are committed to offering you the right to object to and withdraw your personal information.<br>The right of opposition is understood to be the possibility offered to Internet users to refuse that their personal information be used for certain purposes mentioned at the time of collection.<\/p>\n          \n\n          <p>The right of withdrawal is understood to be the possibility offered to Internet users to request that their personal information no longer appear, for example, on a mailing list.<\/p>\n          \n\n          <p>To exercise these rights, please contact us at :<br>Telephone: +689 87 78 32 35<\/p>\n          \n\n          <hr>\n          \n\n          <p>\n            <strong>Right of access<\/strong>\n          <\/p>\n          \n\n          <p>We undertake to grant a right of access and rectification to the persons concerned who wish to consult, modify or even delete the information concerning them.<br>This right may be exercised :<br>Telephone: +689 87 78 32 35<\/p>\n          \n\n          <hr>\n          \n\n          <p>\n            <strong>Security<\/strong>\n          <\/p>\n          \n\n          <p>The personal information we collect is kept in a secure environment. The people working for us are required to respect the confidentiality of your information.<br>To ensure the security of your personal information, we use the following measures:<\/p>\n          \n\n          <ul>\n            \n\n            <li>SSL (Secure Sockets Layer) protocol<\/li>\n            \n\n            <li>SET (Secure Electronic Transaction) protocol<\/li>\n            \n\n            <li>Access management &#8211; authorized person<\/li>\n            \n\n            <li>Access management &#8211; person concerned<\/li>\n            \n\n            <li>Network monitoring software<\/li>\n            \n\n            <li>Computer backup<\/li>\n            \n\n            <li>Digital certificate development<\/li>\n            \n\n            <li>Login \/ password<\/li>\n            \n\n            <li>Firewalls<\/li>\n            \n\n          <\/ul>\n          \n\n          <p>We are committed to maintaining a high level of confidentiality by integrating the latest technological innovations to ensure the confidentiality of your transactions. However, since no mechanism offers maximum security, there is always an element of risk when using the Internet to transmit personal information.<\/p>\n          \n\n          <hr>\n          \n\n          <p>\n            <strong>Legislation<\/strong>\n          <\/p>\n          \n\n          <p>We undertake to comply with the legislative provisions set out in :<br>CNIL<\/p>\n            <\/div>\n<\/div>\n<!-- \/module text -->        <\/div>\n                        <\/div>\n        <\/div>\n        <\/div>\n<!--\/themify_builder_content-->","protected":false},"excerpt":{"rendered":"<p>Le Shop \u00c0 Savoir \u00c0 Propos Localisation Les styles M\u00e9dias +689 87 78 32 35 Politique de confidentialit\u00e9 IntroductionDevant le d\u00e9veloppement des nouveaux outils de communication, il est n\u00e9cessaire de porter une attention particuli\u00e8re \u00e0 la protection de la vie priv\u00e9e. C\u2019est pourquoi, nous nous engageons \u00e0 respecter la confidentialit\u00e9 des renseignements personnels que nous [&hellip;]<\/p>\n","protected":false},"author":1,"featured_media":0,"parent":0,"menu_order":0,"comment_status":"closed","ping_status":"closed","template":"","meta":{"footnotes":""},"class_list":["post-255","page","type-page","status-publish","hentry","has-post-title","has-post-date","has-post-category","has-post-tag","has-post-comment","has-post-author",""],"aioseo_notices":[],"builder_content":"<img src=\"http:\/\/maungatattootahiti.com\/wp-content\/uploads\/2024\/02\/logo-maunga-tatoo.svg\" width=\"64\" title=\"Privacy policy\" alt=\"Privacy policy\">\n<ul id=\"menu-main-en-1\"><li><a href=\"\/en\/#leshop\">The Shop<\/a><\/li> <li><a href=\"\/en\/#asavoir\">Good to Know<\/a><\/li> <li><a href=\"\/en\/#apropos\">About<\/a><\/li> <li><a href=\"\/en\/#localisation\">Location<\/a><\/li> <li><a href=\"\/en\/#lesstyles\">Styles<\/a><\/li> <li><a href=\"\/en\/#medias\">Medias<\/a><\/li> <\/ul>\n<a href=\"#\"> <em style=\"color:#e67e86\" ><svg aria-hidden=\"true\"><use href=\"#tf-fab-facebook-square\"><\/use><\/svg><\/em> <\/a>\n<p> <a href=\"tel:+689%2087%2078%2032%2035\">+689 87 78 32 35<\/a> <\/p>\n<h2>Privacy policy<\/h2>\n<p><strong>Introduction<\/strong><br>With the development of new communication tools, we need to pay particular attention to the protection of privacy. This is why we are committed to respecting the confidentiality of the personal information we collect.<\/p> \n <hr> \n <p> <strong>Collection of personal information<\/strong> <\/p> \n <p>The personal information we collect is gathered through forms and through the interactivity established between you and our website. As indicated in the following section, we also use cookies and\/or log files to gather information about you.<\/p> \n <hr> \n <p> <strong>Forms and interactivity:<\/strong> <\/p> \n <p>Your personal information is collected via the following forms:<\/p> \n <ul> \n <li>Website registration form<\/li> \n <\/ul> \n <p>We use the information collected for the following purposes:<\/p> \n <ul> \n <li>Information \/ Promotional offers<\/li> \n <li>Statistics<\/li> \n <li>Contact<\/li> \n <\/ul> \n <p>Your information is also collected through the interactivity that may be established between you and our Web site in the following ways:<\/p> \n <ul> \n <li>Statistics<\/li> \n <\/ul> \n <p>We use the information collected for the following purposes:<\/p> \n <ul> \n <li>Information or promotional offers<\/li> \n <\/ul> \n <hr> \n <p> <strong>Log files and cookies<\/strong> <\/p> \n <p>We collect certain information through log files and cookies.<\/p> \n <p>The use of such files allows us to :<\/p> \n <ul> \n <li>Improved service and personalized welcome<\/li> \n <li>Personalized consumption profile<\/li> \n <li>Order tracking<\/li> \n <li>Statistics<\/li> \n <\/ul> \n <hr> \n <p> <strong>Right of objection and withdrawal<\/strong> <\/p> \n <p>We are committed to offering you the right to object to and withdraw your personal information.<br>The right of opposition is understood to be the possibility offered to Internet users to refuse that their personal information be used for certain purposes mentioned at the time of collection.<\/p> \n <p>The right of withdrawal is understood to be the possibility offered to Internet users to request that their personal information no longer appear, for example, on a mailing list.<\/p> \n <p>To exercise these rights, please contact us at :<br>Telephone: +689 87 78 32 35<\/p> \n <hr> \n <p> <strong>Right of access<\/strong> <\/p> \n <p>We undertake to grant a right of access and rectification to the persons concerned who wish to consult, modify or even delete the information concerning them.<br>This right may be exercised :<br>Telephone: +689 87 78 32 35<\/p> \n <hr> \n <p> <strong>Security<\/strong> <\/p> \n <p>The personal information we collect is kept in a secure environment. The people working for us are required to respect the confidentiality of your information.<br>To ensure the security of your personal information, we use the following measures:<\/p> \n <ul> \n <li>SSL (Secure Sockets Layer) protocol<\/li> \n <li>SET (Secure Electronic Transaction) protocol<\/li> \n <li>Access management - authorized person<\/li> \n <li>Access management - person concerned<\/li> \n <li>Network monitoring software<\/li> \n <li>Computer backup<\/li> \n <li>Digital certificate development<\/li> \n <li>Login \/ password<\/li> \n <li>Firewalls<\/li> \n <\/ul> \n <p>We are committed to maintaining a high level of confidentiality by integrating the latest technological innovations to ensure the confidentiality of your transactions. However, since no mechanism offers maximum security, there is always an element of risk when using the Internet to transmit personal information.<\/p> \n <hr> \n <p> <strong>Legislation<\/strong> <\/p> \n <p>We undertake to comply with the legislative provisions set out in :<br>CNIL<\/p>","_links":{"self":[{"href":"https:\/\/maungatattootahiti.com\/en\/wp-json\/wp\/v2\/pages\/255","targetHints":{"allow":["GET"]}}],"collection":[{"href":"https:\/\/maungatattootahiti.com\/en\/wp-json\/wp\/v2\/pages"}],"about":[{"href":"https:\/\/maungatattootahiti.com\/en\/wp-json\/wp\/v2\/types\/page"}],"author":[{"embeddable":true,"href":"https:\/\/maungatattootahiti.com\/en\/wp-json\/wp\/v2\/users\/1"}],"replies":[{"embeddable":true,"href":"https:\/\/maungatattootahiti.com\/en\/wp-json\/wp\/v2\/comments?post=255"}],"version-history":[{"count":1,"href":"https:\/\/maungatattootahiti.com\/en\/wp-json\/wp\/v2\/pages\/255\/revisions"}],"predecessor-version":[{"id":256,"href":"https:\/\/maungatattootahiti.com\/en\/wp-json\/wp\/v2\/pages\/255\/revisions\/256"}],"wp:attachment":[{"href":"https:\/\/maungatattootahiti.com\/en\/wp-json\/wp\/v2\/media?parent=255"}],"curies":[{"name":"wp","href":"https:\/\/api.w.org\/{rel}","templated":true}]}}